{"id":14,"date":"2024-01-29T22:09:06","date_gmt":"2024-01-29T21:09:06","guid":{"rendered":"https:\/\/expertisesit.com\/?page_id=14"},"modified":"2024-02-01T22:29:07","modified_gmt":"2024-02-01T21:29:07","slug":"blog-sur-la-securite-informatique","status":"publish","type":"page","link":"https:\/\/expertisesit.com\/fr\/blog-sur-la-securite-informatique\/","title":{"rendered":"Blog"},"content":{"rendered":"<form role=\"search\" method=\"get\" action=\"https:\/\/expertisesit.com\/fr\/\" class=\"wp-block-search__button-outside wp-block-search__text-button wp-block-search\"    ><label class=\"wp-block-search__label\" for=\"wp-block-search__input-1\" >Search<\/label><div class=\"wp-block-search__inside-wrapper\"  style=\"width: 50%\"><input class=\"wp-block-search__input\" id=\"wp-block-search__input-1\" placeholder=\"\" value=\"\" type=\"search\" name=\"s\" required \/><button aria-label=\"Search\" class=\"wp-block-search__button wp-element-button\" type=\"submit\" >Search<\/button><\/div><\/form>\n\n\n<p class=\"has-theme-palette-2-color has-text-color has-link-color wp-elements-d08f944dc3c13512b9a25a70932087d8\"><a href=\"https:\/\/expertisesit.com\/wp-admin\/post.php?post=48&amp;action=edit\">Prot\u00e9ger vos Donn\u00e9es, Pr\u00e9server votre Avenir<\/a><\/p>\n\n\n\n<div class=\"wp-block-cover\"><span aria-hidden=\"true\" class=\"wp-block-cover__background has-background-dim\"><\/span><img loading=\"lazy\" decoding=\"async\" width=\"1024\" height=\"683\" class=\"wp-block-cover__image-background wp-image-68\" alt=\"\" src=\"https:\/\/expertisesit.com\/wp-content\/uploads\/2024\/01\/security-todo-list-in-notebook-1024x683.jpg\" data-object-fit=\"cover\" srcset=\"https:\/\/expertisesit.com\/wp-content\/uploads\/2024\/01\/security-todo-list-in-notebook-1024x683.jpg 1024w, https:\/\/expertisesit.com\/wp-content\/uploads\/2024\/01\/security-todo-list-in-notebook-300x200.jpg 300w, https:\/\/expertisesit.com\/wp-content\/uploads\/2024\/01\/security-todo-list-in-notebook-768x512.jpg 768w, https:\/\/expertisesit.com\/wp-content\/uploads\/2024\/01\/security-todo-list-in-notebook-1536x1024.jpg 1536w, https:\/\/expertisesit.com\/wp-content\/uploads\/2024\/01\/security-todo-list-in-notebook-2048x1365.jpg 2048w, https:\/\/expertisesit.com\/wp-content\/uploads\/2024\/01\/security-todo-list-in-notebook-18x12.jpg 18w\" sizes=\"auto, (max-width: 1024px) 100vw, 1024px\" \/><div class=\"wp-block-cover__inner-container is-layout-flow wp-block-cover-is-layout-flow\">\n<p class=\"has-text-align-center has-large-font-size\"><\/p>\n<\/div><\/div>\n\n\n\n<p><a href=\"https:\/\/expertisesit.com\/wp-admin\/post.php?post=71&amp;action=edit\">Les Meilleurs Outils de S\u00e9curit\u00e9 Informatique pour les PME en 2024<\/a><\/p>\n\n\n\n<figure class=\"wp-block-image size-large\"><img loading=\"lazy\" decoding=\"async\" width=\"1024\" height=\"640\" src=\"https:\/\/expertisesit.com\/wp-content\/uploads\/2024\/01\/cityByNight-1024x640.jpg\" alt=\"\" class=\"wp-image-74\" srcset=\"https:\/\/expertisesit.com\/wp-content\/uploads\/2024\/01\/cityByNight-1024x640.jpg 1024w, https:\/\/expertisesit.com\/wp-content\/uploads\/2024\/01\/cityByNight-300x188.jpg 300w, https:\/\/expertisesit.com\/wp-content\/uploads\/2024\/01\/cityByNight-768x480.jpg 768w, https:\/\/expertisesit.com\/wp-content\/uploads\/2024\/01\/cityByNight-1536x960.jpg 1536w, https:\/\/expertisesit.com\/wp-content\/uploads\/2024\/01\/cityByNight-2048x1280.jpg 2048w, https:\/\/expertisesit.com\/wp-content\/uploads\/2024\/01\/cityByNight-18x12.jpg 18w\" sizes=\"auto, (max-width: 1024px) 100vw, 1024px\" \/><\/figure>\n\n\n\n<p><strong><a href=\"https:\/\/expertisesit.com\/ransomware-comment-les-pme-peuvent-se-defendre-contre-ces-attaques\/\" data-type=\"link\" data-id=\"https:\/\/expertisesit.com\/ransomware-comment-les-pme-peuvent-se-defendre-contre-ces-attaques\/\">Ransomware : Comment les PME peuvent se D\u00e9fendre contre ces Attaques<\/a><\/strong><\/p>\n\n\n\n<figure class=\"wp-block-image size-large\"><img loading=\"lazy\" decoding=\"async\" width=\"1024\" height=\"1024\" src=\"https:\/\/expertisesit.com\/wp-content\/uploads\/2024\/01\/Blocked-Access-1024x1024.jpg\" alt=\"\" class=\"wp-image-79\" srcset=\"https:\/\/expertisesit.com\/wp-content\/uploads\/2024\/01\/Blocked-Access-1024x1024.jpg 1024w, https:\/\/expertisesit.com\/wp-content\/uploads\/2024\/01\/Blocked-Access-300x300.jpg 300w, https:\/\/expertisesit.com\/wp-content\/uploads\/2024\/01\/Blocked-Access-150x150.jpg 150w, https:\/\/expertisesit.com\/wp-content\/uploads\/2024\/01\/Blocked-Access-768x768.jpg 768w, https:\/\/expertisesit.com\/wp-content\/uploads\/2024\/01\/Blocked-Access-1536x1536.jpg 1536w, https:\/\/expertisesit.com\/wp-content\/uploads\/2024\/01\/Blocked-Access-2048x2048.jpg 2048w, https:\/\/expertisesit.com\/wp-content\/uploads\/2024\/01\/Blocked-Access-12x12.jpg 12w\" sizes=\"auto, (max-width: 1024px) 100vw, 1024px\" \/><\/figure>\n\n\n\n<p><strong><a href=\"https:\/\/expertisesit.com\/10-mesures-simples-pour-ameliorer-la-securite-informatique-de-votre-pme\/\">10 Mesures Simples pour Am\u00e9liorer la S\u00e9curit\u00e9 Informatique de votre PME<\/a><\/strong><\/p>\n\n\n\n<figure class=\"wp-block-image size-full\"><img loading=\"lazy\" decoding=\"async\" width=\"2560\" height=\"2560\" src=\"http:\/\/expertisesit.com\/wp-content\/uploads\/2024\/01\/ToolsSecurity-scaled.jpg\" alt=\"\" class=\"wp-image-84\" srcset=\"https:\/\/expertisesit.com\/wp-content\/uploads\/2024\/01\/ToolsSecurity-scaled.jpg 2560w, https:\/\/expertisesit.com\/wp-content\/uploads\/2024\/01\/ToolsSecurity-300x300.jpg 300w, https:\/\/expertisesit.com\/wp-content\/uploads\/2024\/01\/ToolsSecurity-1024x1024.jpg 1024w, https:\/\/expertisesit.com\/wp-content\/uploads\/2024\/01\/ToolsSecurity-150x150.jpg 150w, https:\/\/expertisesit.com\/wp-content\/uploads\/2024\/01\/ToolsSecurity-768x768.jpg 768w, https:\/\/expertisesit.com\/wp-content\/uploads\/2024\/01\/ToolsSecurity-1536x1536.jpg 1536w, https:\/\/expertisesit.com\/wp-content\/uploads\/2024\/01\/ToolsSecurity-2048x2048.jpg 2048w, https:\/\/expertisesit.com\/wp-content\/uploads\/2024\/01\/ToolsSecurity-12x12.jpg 12w\" sizes=\"auto, (max-width: 2560px) 100vw, 2560px\" \/><\/figure>\n\n\n\n<p><strong><a href=\"https:\/\/expertisesit.com\/le-gdpr-explique-pour-les-pme-ce-que-vous-devez-savoir\/\">Le GDPR Expliqu\u00e9 pour les PME : Ce que Vous Devez Savoir<\/a><\/strong><\/p>\n\n\n\n<figure class=\"wp-block-image size-full\"><img loading=\"lazy\" decoding=\"async\" width=\"1024\" height=\"1024\" src=\"http:\/\/expertisesit.com\/wp-content\/uploads\/2024\/02\/GDPR-1.png\" alt=\"\" class=\"wp-image-104\" srcset=\"https:\/\/expertisesit.com\/wp-content\/uploads\/2024\/02\/GDPR-1.png 1024w, https:\/\/expertisesit.com\/wp-content\/uploads\/2024\/02\/GDPR-1-300x300.png 300w, https:\/\/expertisesit.com\/wp-content\/uploads\/2024\/02\/GDPR-1-150x150.png 150w, https:\/\/expertisesit.com\/wp-content\/uploads\/2024\/02\/GDPR-1-768x768.png 768w, https:\/\/expertisesit.com\/wp-content\/uploads\/2024\/02\/GDPR-1-12x12.png 12w\" sizes=\"auto, (max-width: 1024px) 100vw, 1024px\" \/><\/figure>\n\n\n\n<h2 class=\"wp-block-heading\"><a href=\"http:\/\/ransomware-comment-les-pme-peuvent-se-defendre-contre-ces-attaques\">Ransomware : Comment les PME peuvent se D\u00e9fendre contre ces Attaques<\/a><\/h2>\n\n\n\n<figure class=\"wp-block-image size-full\"><img loading=\"lazy\" decoding=\"async\" width=\"1024\" height=\"1024\" src=\"https:\/\/expertisesit.com\/wp-content\/uploads\/2024\/02\/Ransomware-Comment-les-PME-peuvent-se-Defendre-contre-ces-Attaques.png\" alt=\"\" class=\"wp-image-101\" srcset=\"https:\/\/expertisesit.com\/wp-content\/uploads\/2024\/02\/Ransomware-Comment-les-PME-peuvent-se-Defendre-contre-ces-Attaques.png 1024w, https:\/\/expertisesit.com\/wp-content\/uploads\/2024\/02\/Ransomware-Comment-les-PME-peuvent-se-Defendre-contre-ces-Attaques-300x300.png 300w, https:\/\/expertisesit.com\/wp-content\/uploads\/2024\/02\/Ransomware-Comment-les-PME-peuvent-se-Defendre-contre-ces-Attaques-150x150.png 150w, https:\/\/expertisesit.com\/wp-content\/uploads\/2024\/02\/Ransomware-Comment-les-PME-peuvent-se-Defendre-contre-ces-Attaques-768x768.png 768w, https:\/\/expertisesit.com\/wp-content\/uploads\/2024\/02\/Ransomware-Comment-les-PME-peuvent-se-Defendre-contre-ces-Attaques-12x12.png 12w\" sizes=\"auto, (max-width: 1024px) 100vw, 1024px\" \/><\/figure>\n","protected":false},"excerpt":{"rendered":"<p>Prot\u00e9ger vos Donn\u00e9es, Pr\u00e9server votre Avenir Les Meilleurs Outils de S\u00e9curit\u00e9 Informatique pour les PME en 2024 Ransomware : Comment les PME peuvent se D\u00e9fendre contre ces Attaques 10 Mesures Simples pour Am\u00e9liorer la S\u00e9curit\u00e9 Informatique de votre PME Le GDPR Expliqu\u00e9 pour les PME : Ce que Vous Devez Savoir Ransomware : Comment les&#8230;<\/p>\n","protected":false},"author":1,"featured_media":0,"parent":0,"menu_order":0,"comment_status":"closed","ping_status":"closed","template":"","meta":{"_kad_post_transparent":"","_kad_post_title":"","_kad_post_layout":"narrow","_kad_post_sidebar_id":"","_kad_post_content_style":"","_kad_post_vertical_padding":"","_kad_post_feature":"","_kad_post_feature_position":"","_kad_post_header":false,"_kad_post_footer":false,"footnotes":""},"class_list":["post-14","page","type-page","status-publish","hentry"],"_links":{"self":[{"href":"https:\/\/expertisesit.com\/fr\/wp-json\/wp\/v2\/pages\/14","targetHints":{"allow":["GET"]}}],"collection":[{"href":"https:\/\/expertisesit.com\/fr\/wp-json\/wp\/v2\/pages"}],"about":[{"href":"https:\/\/expertisesit.com\/fr\/wp-json\/wp\/v2\/types\/page"}],"author":[{"embeddable":true,"href":"https:\/\/expertisesit.com\/fr\/wp-json\/wp\/v2\/users\/1"}],"replies":[{"embeddable":true,"href":"https:\/\/expertisesit.com\/fr\/wp-json\/wp\/v2\/comments?post=14"}],"version-history":[{"count":13,"href":"https:\/\/expertisesit.com\/fr\/wp-json\/wp\/v2\/pages\/14\/revisions"}],"predecessor-version":[{"id":106,"href":"https:\/\/expertisesit.com\/fr\/wp-json\/wp\/v2\/pages\/14\/revisions\/106"}],"wp:attachment":[{"href":"https:\/\/expertisesit.com\/fr\/wp-json\/wp\/v2\/media?parent=14"}],"curies":[{"name":"wp","href":"https:\/\/api.w.org\/{rel}","templated":true}]}}