{"id":86,"date":"2024-01-30T20:31:59","date_gmt":"2024-01-30T19:31:59","guid":{"rendered":"https:\/\/expertisesit.com\/?page_id=86"},"modified":"2024-02-01T18:01:57","modified_gmt":"2024-02-01T17:01:57","slug":"le-gdpr-explique-pour-les-pme-ce-que-vous-devez-savoir","status":"publish","type":"page","link":"https:\/\/expertisesit.com\/fr\/le-gdpr-explique-pour-les-pme-ce-que-vous-devez-savoir\/","title":{"rendered":"Le GDPR Expliqu\u00e9 pour les PME : Ce que Vous Devez Savoir"},"content":{"rendered":"\n<h2 class=\"wp-block-heading\">Introduction: Le GPDR d\u00e9mystifi\u00e9 pour les PME<\/h2>\n\n\n\n<p>Dans un monde o\u00f9 les donn\u00e9es personnelles sont devenues une monnaie d&rsquo;\u00e9change pr\u00e9cieuse, prot\u00e9ger ces informations est devenu crucial, surtout dans l&rsquo;Union Europ\u00e9enne. C&rsquo;est l\u00e0 qu&rsquo;intervient le GDPR (R\u00e8glement G\u00e9n\u00e9ral sur la Protection des Donn\u00e9es), un ensemble de r\u00e8gles con\u00e7u pour donner aux citoyens plus de contr\u00f4le sur leurs donn\u00e9es personnelles. Pour les petites et moyennes entreprises (PME), naviguer dans les eaux du GDPR peut sembler intimidant, surtout si l&rsquo;informatique n&rsquo;est pas votre domaine d&rsquo;expertise. Pourtant, comprendre le GDPR n&rsquo;est pas seulement une n\u00e9cessit\u00e9 l\u00e9gale, c&rsquo;est aussi une opportunit\u00e9 de renforcer la confiance avec vos clients en montrant que vous prenez la s\u00e9curit\u00e9 de leurs donn\u00e9es au s\u00e9rieux. Dans cet article, nous allons d\u00e9mystifier le GDPR pour les PME, en expliquant simplement ses principes cl\u00e9s et ce que vous devez savoir pour vous conformer \u00e0 ces r\u00e8gles, le tout sans jargon compliqu\u00e9. Notre objectif ? Vous aider \u00e0 voir le GDPR non comme un obstacle, mais comme un alli\u00e9 dans la protection des donn\u00e9es et la croissance de votre entreprise.<\/p>\n\n\n\n<h2 class=\"wp-block-heading\">Le GDPR D\u00e9mystifi\u00e9 pour les PME<\/h2>\n\n\n\n<p>Le GDPR, ou R\u00e8glement G\u00e9n\u00e9ral sur la Protection des Donn\u00e9es, est un peu comme un code de bonne conduite que toutes les entreprises en Europe doivent suivre pour s&rsquo;assurer qu&rsquo;elles traitent correctement les informations personnelles des gens. Imaginez que chaque donn\u00e9e personnelle (comme un nom, une adresse email, ou une photo) est une pi\u00e8ce d&rsquo;identit\u00e9 que les gens vous confient. Le GDPR dicte comment vous devez garder, utiliser et prot\u00e9ger ces pi\u00e8ces d&rsquo;identit\u00e9 pour respecter la vie priv\u00e9e de chacun.<\/p>\n\n\n\n<p>Pour les petites et moyennes entreprises (PME), cela signifie quelques devoirs importants :<\/p>\n\n\n\n<ol class=\"wp-block-list\">\n<li><strong>Transparence<\/strong> : Vous devez dire clairement \u00e0 vos clients pourquoi vous avez besoin de leurs donn\u00e9es, comment vous allez les utiliser et avec qui vous pourriez les partager. C&rsquo;est comme demander la permission avant d&#8217;emprunter quelque chose.<\/li>\n\n\n\n<li><strong>Droit d&rsquo;acc\u00e8s<\/strong> : Si quelqu&rsquo;un vous demande quelles informations vous avez sur lui, vous devez \u00eatre en mesure de lui montrer. C&rsquo;est un peu comme si quelqu&rsquo;un voulait v\u00e9rifier quelles notes vous avez pris sur lui dans votre cahier.<\/li>\n\n\n\n<li><strong>Droit \u00e0 l&rsquo;oubli<\/strong> : Si une personne ne veut plus que vous ayez ses informations, ou si les informations ne sont plus n\u00e9cessaires pour le but pour lequel vous les avez recueillies, elle peut vous demander de les supprimer. Imaginez effacer les notes sur quelqu&rsquo;un de votre cahier \u00e0 sa demande.<\/li>\n\n\n\n<li><strong>S\u00e9curit\u00e9<\/strong> : Vous devez vous assurer que les donn\u00e9es que vous gardez sont bien prot\u00e9g\u00e9es, un peu comme vous feriez attention \u00e0 s\u00e9curiser votre maison pour prot\u00e9ger vos biens pr\u00e9cieux.<\/li>\n<\/ol>\n\n\n\n<p>En r\u00e9sum\u00e9, le GDPR demande aux entreprises de faire preuve de respect et de prudence dans la gestion des informations personnelles, assurant ainsi que la vie priv\u00e9e des individus est prise au s\u00e9rieux. Pour les PME, cela signifie instaurer des pratiques claires et s\u00e9curis\u00e9es pour la gestion des donn\u00e9es, ce qui peut \u00e9galement renforcer la confiance de vos clients envers votre entreprise.<\/p>\n\n\n\n<h2 class=\"wp-block-heading\">\u00c9vitez les Pi\u00e8ges du GDPR : Comprendre les Amendes et Prot\u00e9ger Votre PME<\/h2>\n\n\n\n<p>Si votre PME ne suit pas les r\u00e8gles du GDPR, les cons\u00e9quences peuvent \u00eatre s\u00e9rieuses, un peu comme recevoir une grosse amende pour exc\u00e8s de vitesse. Le GDPR est l\u00e0 pour s&rsquo;assurer que les entreprises traitent les donn\u00e9es personnelles avec le plus grand soin. Si vous ne le faites pas, vous pourriez vous retrouver \u00e0 devoir payer de lourdes amendes, qui sont con\u00e7ues pour \u00eatre dissuasives.<\/p>\n\n\n\n<p>Les amendes peuvent atteindre jusqu&rsquo;\u00e0 4 % de votre chiffre d&rsquo;affaires annuel mondial ou 20 millions d&rsquo;euros, selon le montant le plus \u00e9lev\u00e9. Imaginez perdre une part aussi significative de ce que votre entreprise a gagn\u00e9 en un an, juste parce que vous n&rsquo;avez pas suivi certaines r\u00e8gles. Ces montants montrent \u00e0 quel point l&rsquo;UE prend au s\u00e9rieux la protection des donn\u00e9es.<\/p>\n\n\n\n<p>Mais ce n&rsquo;est pas tout. Au-del\u00e0 des amendes, ne pas respecter le GDPR peut aussi nuire \u00e0 la r\u00e9putation de votre entreprise. \u00c0 l&rsquo;\u00e8re des m\u00e9dias sociaux, une mauvaise nouvelle se r\u00e9pand vite. Si vos clients apprennent que leur vie priv\u00e9e n&rsquo;est pas une priorit\u00e9 pour vous, ils pourraient bien d\u00e9cider d&rsquo;aller voir ailleurs. Cette perte de confiance peut \u00eatre encore plus co\u00fbteuse \u00e0 long terme que toute amende.<\/p>\n\n\n\n<p>Pour \u00e9viter ces cons\u00e9quences, il est crucial d&rsquo;\u00eatre proactive. Cela signifie mettre en place des politiques claires de traitement des donn\u00e9es, s&rsquo;assurer que votre \u00e9quipe est bien form\u00e9e sur le GDPR, et r\u00e9agir rapidement et efficacement si vous d\u00e9couvrez une violation de donn\u00e9es. Pensez \u00e0 cela comme \u00e0 l&rsquo;entretien r\u00e9gulier de votre voiture pour \u00e9viter les pannes : un investissement continu en temps et en ressources peut vous sauver de bien plus gros probl\u00e8mes \u00e0 l&rsquo;avenir.<\/p>\n\n\n\n<h2 class=\"wp-block-heading\">Strat\u00e9gies de Conformit\u00e9 au GDPR pour les PME<\/h2>\n\n\n\n<p>Pour les petites et moyennes entreprises (PME), se conformer au R\u00e8glement G\u00e9n\u00e9ral sur la Protection des Donn\u00e9es (GDPR) peut sembler une t\u00e2che ardue, mais avec quelques strat\u00e9gies cibl\u00e9es, cela devient beaucoup plus g\u00e9rable. Le GDPR est l\u00e0 pour s&rsquo;assurer que les informations personnelles des gens sont trait\u00e9es avec soin et respect. Voici comment votre PME peut s&rsquo;aligner sur ces exigences de mani\u00e8re simple et efficace.<\/p>\n\n\n\n<p><strong>1. Commencez par la Transparence<\/strong> : La premi\u00e8re \u00e9tape vers la conformit\u00e9 est d&rsquo;\u00eatre transparent sur l&rsquo;utilisation des donn\u00e9es que vous collectez. Cela signifie informer clairement vos clients et employ\u00e9s pourquoi vous avez besoin de leurs donn\u00e9es, comment vous allez les utiliser, et combien de temps vous allez les garder. C&rsquo;est un peu comme informer quelqu&rsquo;un pourquoi vous avez besoin de son num\u00e9ro de t\u00e9l\u00e9phone avant de le noter.<\/p>\n\n\n\n<p><strong>2. Obtenez un Consentement Clair<\/strong> : Avant de collecter ou d&rsquo;utiliser les donn\u00e9es de quelqu&rsquo;un, assurez-vous d&rsquo;avoir son consentement explicite. Ce consentement ne peut pas \u00eatre cach\u00e9 dans un long texte plein de jargon juridique ; il doit \u00eatre donn\u00e9 librement et de mani\u00e8re \u00e9clair\u00e9e. Imaginez que vous demandez \u00e0 un ami s&rsquo;il est d&rsquo;accord pour que vous partagiez son secret avec une autre personne, et il doit dire \u00ab\u00a0oui\u00a0\u00bb clairement.<\/p>\n\n\n\n<p><strong>3. Mettez en Place des Processus de Gestion des Donn\u00e9es<\/strong> : Assurez-vous que vous avez des syst\u00e8mes pour stocker, acc\u00e9der et supprimer les donn\u00e9es de mani\u00e8re s\u00e9curis\u00e9e. Cela pourrait inclure des logiciels sp\u00e9cifiques ou simplement des pratiques bien d\u00e9finies au sein de votre entreprise. Pensez \u00e0 cela comme organiser les dossiers dans un cabinet de mani\u00e8re \u00e0 pouvoir facilement retrouver, utiliser ou d\u00e9truire les informations si n\u00e9cessaire.<\/p>\n\n\n\n<p><strong>4. Pr\u00e9parez-vous aux Demandes des Utilisateurs<\/strong> : Les individus ont le droit de demander une copie de leurs donn\u00e9es, de corriger des informations incorrectes, ou m\u00eame de demander la suppression de leurs donn\u00e9es. Avoir un processus en place pour r\u00e9pondre \u00e0 ces demandes montre que vous prenez leurs droits au s\u00e9rieux.<\/p>\n\n\n\n<p>En adoptant ces strat\u00e9gies, non seulement vous vous assurez de respecter la loi, mais vous construisez \u00e9galement une relation de confiance avec vos clients en leur montrant que vous valorisez et prot\u00e9gez leurs donn\u00e9es.<\/p>\n\n\n\n<h2 class=\"wp-block-heading\">Que Faire en Cas de Violation du GDPR ? D\u00e9couvrez les \u00c9tapes Cruciales !<\/h2>\n\n\n\n<p>Dans l&rsquo;univers du R\u00e8glement G\u00e9n\u00e9ral sur la Protection des Donn\u00e9es (GDPR), faire face \u00e0 une violation de donn\u00e9es peut \u00eatre intimidant pour une petite ou moyenne entreprise (PME). Cependant, savoir comment r\u00e9agir peut non seulement \u00e9viter de lourdes amendes mais aussi minimiser les dommages \u00e0 votre r\u00e9putation. Imaginez que votre entreprise est comme un navire naviguant dans des eaux parfois tumultueuses. Une br\u00e8che de s\u00e9curit\u00e9, c&rsquo;est comme une voie d&rsquo;eau : la mani\u00e8re dont vous g\u00e9rez la situation peut soit sauver le navire, soit le faire sombrer.<\/p>\n\n\n\n<p><strong>1. D\u00e9tectez et \u00c9valuez la Fuite<\/strong> : La premi\u00e8re \u00e9tape est de reconna\u00eetre qu&rsquo;une fuite a eu lieu. C&rsquo;est un peu comme r\u00e9aliser que l&rsquo;eau s&rsquo;infiltre dans le bateau. Identifiez rapidement la source de la fuite et \u00e9valuez l&rsquo;ampleur des donn\u00e9es affect\u00e9es. Cela vous aidera \u00e0 comprendre la gravit\u00e9 du probl\u00e8me.<\/p>\n\n\n\n<p><strong>2. Informez les Autorit\u00e9s<\/strong> : Selon le GDPR, les entreprises doivent notifier l&rsquo;autorit\u00e9 de protection des donn\u00e9es de leur pays dans les 72 heures apr\u00e8s avoir d\u00e9couvert la violation. C&rsquo;est comme alerter les garde-c\u00f4tes que vous avez un probl\u00e8me, pour qu&rsquo;ils puissent vous aider ou vous conseiller sur les prochaines \u00e9tapes.<\/p>\n\n\n\n<p><strong>3. Communiquez avec les Personnes Concern\u00e9es<\/strong> : Si la fuite pr\u00e9sente un risque \u00e9lev\u00e9 pour les droits et libert\u00e9s des individus, vous devez aussi les informer sans d\u00e9lai inutile. Cela montre que vous prenez la situation au s\u00e9rieux et que vous \u00eates transparent sur le probl\u00e8me.<\/p>\n\n\n\n<p><strong>4. Prenez des Mesures Correctives<\/strong> : Travaillez \u00e0 colmater la br\u00e8che et \u00e0 s\u00e9curiser votre syst\u00e8me contre de futures attaques. Imaginez que vous r\u00e9parez la voie d&rsquo;eau et renforcez la coque de votre navire pour qu&rsquo;elle soit plus r\u00e9sistante.<\/p>\n\n\n\n<p><strong>5. Documentez l&rsquo;Incident<\/strong> : Gardez un enregistrement de ce qui s&rsquo;est pass\u00e9, des actions que vous avez prises et de la mani\u00e8re dont vous avez r\u00e9pondu. Cela peut servir de preuve que vous avez agi de mani\u00e8re responsable, ce qui peut \u00eatre utile pour \u00e9viter des amendes s\u00e9v\u00e8res.<\/p>\n\n\n\n<p>En suivant ces \u00e9tapes, une PME peut non seulement naviguer plus s\u00fbrement dans les eaux du GDPR, mais aussi renforcer la confiance de ses clients et partenaires en d\u00e9montrant son engagement \u00e0 prot\u00e9ger leurs donn\u00e9es.<\/p>\n\n\n\n<h2 class=\"wp-block-heading\">Checklist de Conformit\u00e9 GDPR pour les PME<\/h2>\n\n\n\n<ol class=\"wp-block-list\">\n<li><strong>Connaissance du R\u00e8glement<\/strong>: Assurez-vous que les d\u00e9cideurs et les employ\u00e9s cl\u00e9s de votre entreprise comprennent le GDPR et ses implications.<\/li>\n\n\n\n<li><strong>Audit des Donn\u00e9es<\/strong>: Identifiez quelles donn\u00e9es personnelles vous collectez, d&rsquo;o\u00f9 elles viennent, comment et pourquoi elles sont trait\u00e9es, et si elles sont partag\u00e9es avec des tiers.<\/li>\n\n\n\n<li><strong>Politique de Confidentialit\u00e9<\/strong>: Mettez \u00e0 jour votre politique de confidentialit\u00e9 pour qu&rsquo;elle explique clairement comment vous utilisez les donn\u00e9es personnelles, en accord avec le GDPR.<\/li>\n\n\n\n<li><strong>Consentement<\/strong>: Assurez-vous d&rsquo;obtenir un consentement clair et explicite de la part des personnes avant de collecter ou traiter leurs donn\u00e9es.<\/li>\n\n\n\n<li><strong>Droits des Individus<\/strong>: Mettez en place des proc\u00e9dures pour r\u00e9pondre aux droits des individus concernant leurs donn\u00e9es personnelles, comme le droit d&rsquo;acc\u00e8s, de rectification et de suppression.<\/li>\n\n\n\n<li><strong>S\u00e9curit\u00e9 des Donn\u00e9es<\/strong>: Renforcez la s\u00e9curit\u00e9 de vos syst\u00e8mes informatiques pour prot\u00e9ger les donn\u00e9es personnelles contre les pertes, les destructions accidentelles, ou les acc\u00e8s non autoris\u00e9s.<\/li>\n\n\n\n<li><strong>Notification de Violation de Donn\u00e9es<\/strong>: Pr\u00e9parez un plan pour d\u00e9tecter, signaler et investiguer une violation de donn\u00e9es personnelles dans les 72 heures suivant sa d\u00e9couverte.<\/li>\n\n\n\n<li><strong>D\u00e9l\u00e9gu\u00e9 \u00e0 la Protection des Donn\u00e9es (DPO)<\/strong>: Selon votre activit\u00e9, vous pourriez avoir besoin de nommer un DPO pour superviser la conformit\u00e9 avec le GDPR.<\/li>\n\n\n\n<li><strong>Transferts Internationaux<\/strong>: Si vous transf\u00e9rez des donn\u00e9es en dehors de l&rsquo;UE, assurez-vous de respecter les r\u00e8gles sp\u00e9cifiques du GDPR \u00e0 ce sujet.<\/li>\n\n\n\n<li><strong>Formation et Sensibilisation<\/strong>: Organisez r\u00e9guli\u00e8rement des formations pour sensibiliser vos employ\u00e9s \u00e0 l&rsquo;importance de la protection des donn\u00e9es et aux pratiques de conformit\u00e9 au GDPR.<\/li>\n<\/ol>\n\n\n\n<h2 class=\"wp-block-heading\">Conclusion<\/h2>\n\n\n\n<p>En simplifiant et en suivant cette checklist, les PME peuvent s&rsquo;assurer non seulement de respecter la loi mais aussi de renforcer la confiance de leurs clients et partenaires en d\u00e9montrant un engagement s\u00e9rieux envers la protection des donn\u00e9es personnelles.<\/p>\n\n\n\n<p>En r\u00e9sumant notre exploration du R\u00e8glement G\u00e9n\u00e9ral sur la Protection des Donn\u00e9es (GDPR) destin\u00e9e aux petites et moyennes entreprises (PME), il est clair que le GDPR n&rsquo;est pas seulement une s\u00e9rie d&rsquo;obligations l\u00e9gales, mais \u00e9galement une opportunit\u00e9 de renforcer la confiance et la s\u00e9curit\u00e9 autour des donn\u00e9es personnelles. Pour les PME, naviguer dans le paysage du GDPR peut sembler une t\u00e2che ardue, mais en d\u00e9composant les exigences en \u00e9tapes g\u00e9rables, telles que celles pr\u00e9sent\u00e9es dans notre checklist, cela devient non seulement faisable mais \u00e9galement b\u00e9n\u00e9fique pour l&rsquo;entreprise.<\/p>\n\n\n\n<p>La cl\u00e9 pour transformer le GDPR en un atout r\u00e9side dans l&rsquo;approche et la mentalit\u00e9 avec lesquelles les entreprises abordent la protection des donn\u00e9es. En adoptant une culture de transparence, de respect des droits des individus, et en mettant en \u0153uvre des mesures de s\u00e9curit\u00e9 solides, les PME peuvent non seulement \u00e9viter les sanctions, mais aussi b\u00e2tir une relation de confiance durable avec leurs clients. Cette confiance est inestimable, car elle peut se traduire par une fid\u00e9lit\u00e9 et un soutien accrus de la part des clients, dans un monde o\u00f9 la s\u00e9curit\u00e9 des donn\u00e9es est une pr\u00e9occupation croissante.<\/p>\n\n\n\n<p>Pour les dirigeants et les employ\u00e9s des PME, s&rsquo;informer et se former sur le GDPR n&rsquo;est pas une fin en soi, mais un processus continu qui n\u00e9cessite une vigilance et un engagement constants. La protection des donn\u00e9es personnelles ne doit pas \u00eatre per\u00e7ue comme une contrainte, mais comme une norme \u00e9thique et professionnelle \u00e0 int\u00e9grer dans toutes les facettes de l&rsquo;activit\u00e9.<\/p>\n\n\n\n<p>En fin de compte, le GDPR offre aux PME l&rsquo;occasion de r\u00e9\u00e9valuer et d&rsquo;am\u00e9liorer leurs pratiques de gestion des donn\u00e9es, favorisant ainsi une culture d&rsquo;entreprise plus forte et plus respectueuse de la vie priv\u00e9e. En embrassant les principes du GDPR, les PME peuvent non seulement naviguer avec succ\u00e8s dans ces r\u00e9gulations, mais aussi se d\u00e9marquer dans leur secteur comme des leaders en mati\u00e8re de protection de la vie priv\u00e9e et de s\u00e9curit\u00e9 des donn\u00e9es. Le message est clair : en investissant dans la conformit\u00e9 GDPR, les PME investissent dans leur avenir, en b\u00e2tissant des bases solides pour une croissance durable et respectueuse dans l&rsquo;\u00e8re num\u00e9rique.<\/p>\n","protected":false},"excerpt":{"rendered":"<p>Introduction: Le GPDR d\u00e9mystifi\u00e9 pour les PME Dans un monde o\u00f9 les donn\u00e9es personnelles sont devenues une monnaie d&rsquo;\u00e9change pr\u00e9cieuse, prot\u00e9ger ces informations est devenu crucial, surtout dans l&rsquo;Union Europ\u00e9enne. C&rsquo;est l\u00e0 qu&rsquo;intervient le GDPR (R\u00e8glement G\u00e9n\u00e9ral sur la Protection des Donn\u00e9es), un ensemble de r\u00e8gles con\u00e7u pour donner aux citoyens plus de contr\u00f4le sur&#8230;<\/p>\n","protected":false},"author":1,"featured_media":0,"parent":0,"menu_order":0,"comment_status":"closed","ping_status":"closed","template":"","meta":{"_kad_post_transparent":"","_kad_post_title":"","_kad_post_layout":"","_kad_post_sidebar_id":"","_kad_post_content_style":"","_kad_post_vertical_padding":"","_kad_post_feature":"","_kad_post_feature_position":"","_kad_post_header":false,"_kad_post_footer":false,"footnotes":""},"class_list":["post-86","page","type-page","status-publish","hentry"],"_links":{"self":[{"href":"https:\/\/expertisesit.com\/fr\/wp-json\/wp\/v2\/pages\/86","targetHints":{"allow":["GET"]}}],"collection":[{"href":"https:\/\/expertisesit.com\/fr\/wp-json\/wp\/v2\/pages"}],"about":[{"href":"https:\/\/expertisesit.com\/fr\/wp-json\/wp\/v2\/types\/page"}],"author":[{"embeddable":true,"href":"https:\/\/expertisesit.com\/fr\/wp-json\/wp\/v2\/users\/1"}],"replies":[{"embeddable":true,"href":"https:\/\/expertisesit.com\/fr\/wp-json\/wp\/v2\/comments?post=86"}],"version-history":[{"count":3,"href":"https:\/\/expertisesit.com\/fr\/wp-json\/wp\/v2\/pages\/86\/revisions"}],"predecessor-version":[{"id":95,"href":"https:\/\/expertisesit.com\/fr\/wp-json\/wp\/v2\/pages\/86\/revisions\/95"}],"wp:attachment":[{"href":"https:\/\/expertisesit.com\/fr\/wp-json\/wp\/v2\/media?parent=86"}],"curies":[{"name":"wp","href":"https:\/\/api.w.org\/{rel}","templated":true}]}}